{"id":1135,"date":"2024-12-11T12:20:13","date_gmt":"2024-12-11T11:20:13","guid":{"rendered":"https:\/\/motoribonora.weggagency.com\/?page_id=1135"},"modified":"2025-06-25T15:13:40","modified_gmt":"2025-06-25T13:13:40","slug":"note-legali","status":"publish","type":"page","link":"https:\/\/motoribonora.com\/de\/note-legali\/","title":{"rendered":"Rechtliche Hinweise"},"content":{"rendered":"<div data-elementor-type=\"wp-page\" data-elementor-id=\"1135\" class=\"elementor elementor-1135\" data-elementor-post-type=\"page\">\n\t\t\t\t<div class=\"elementor-element elementor-element-1ffc03b e-con-full e-flex e-con e-parent\" data-id=\"1ffc03b\" data-element_type=\"container\" data-e-type=\"container\">\n\t\t\t\t<div class=\"elementor-element elementor-element-293ee48 elementor-widget elementor-widget-heading\" data-id=\"293ee48\" data-element_type=\"widget\" data-e-type=\"widget\" data-widget_type=\"heading.default\">\n\t\t\t\t<div class=\"elementor-widget-container\">\n\t\t\t\t\t<h2 class=\"elementor-heading-title elementor-size-default\">Rechtliche Hinweise<\/h2>\t\t\t\t<\/div>\n\t\t\t\t<\/div>\n\t\t\t\t<div class=\"elementor-element elementor-element-f5b38f8 elementor-widget elementor-widget-text-editor\" data-id=\"f5b38f8\" data-element_type=\"widget\" data-e-type=\"widget\" data-widget_type=\"text-editor.default\">\n\t\t\t\t<div class=\"elementor-widget-container\">\n\t\t\t\t\t\t\t\t\t<h4><b>Urheberrecht<\/b><\/h4><p class=\"translation-block\">Die auf <a href=\"https:\/\/motoribonora.com\/de\/\" target=\"_blank\" rel=\"noopener\">www.motoribonora.com<\/a> ver\u00f6ffentlichten Inhalte sind, sofern nicht ausdr\u00fccklich anders angegeben, durch die geltende Gesetzgebung zum Schutz des Urheberrechts, Gesetz Nr. 633\/1941 und nachfolgende \u00c4nderungen und Erg\u00e4nzungen gesch\u00fctzt und d\u00fcrfen nicht ohne vorherige Genehmigung von Motori Bonora SpA auf anderen Websites, Mailinglisten, Newslettern, gedruckten Zeitschriften und CD-ROMs oder anderen nicht angegebenen Medien vervielf\u00e4ltigt werden, unabh\u00e4ngig vom Verwendungszweck.<br>Die Genehmigung muss schriftlich per E-Mail beantragt werden und gilt nur nach ausdr\u00fccklicher schriftlicher Zustimmung des gesetzlichen Vertreters von Motori Bonora SpA als erteilt. Das Ausbleiben einer Antwort von Motori Bonora SpA darf auf keinen Fall als stillschweigende Genehmigung interpretiert werden.<br>Die Vervielf\u00e4ltigung, der Verleih, die Vermietung und die Verbreitung ohne Genehmigung von Motori Bonora SpA ist verboten, au\u00dfer in den unten genannten F\u00e4llen.<br>Zuwiderhandlungen werden mit den in Art. 171, 171-bis, 171-ter, 174-bis und 174-ter des Gesetzes Nr. 633\/1941 vorgesehenen Sanktionen geahndet.<br>Die grafischen Elemente und der HTML\/XHTML-Code sind als ausschlie\u00dfliches Eigentum von Motori Bonora SpA anzusehen.<\/p><h4><b>Teilweiser Ausschluss vom Inhaltsverbot<\/b><\/h4><p class=\"translation-block\">Der Inhalt auf <a style=\"background-color: #ffff\" href=\"https:\/\/motoribonora.com\/de\/\" target=\"_blank\" rel=\"noopener\">www.motoribonora.com<\/a> darf teilweise auf Websites, Newslettern oder digitalen und gedruckten Medien Dritter in Form von Zusammenfassungen wiedergegeben werden, sofern:<br>- der wiedergegebene Inhalt 15% der Zeichen des Originalartikels nicht \u00fcberschreitet;<br>- ein klarer und auff\u00e4lliger Link zu dem auf <a style=\"background-color: #ffff\" href=\"https:\/\/motoribonora.com\/de\/\" target=\"_blank\" rel=\"noopener\">www.motoribonora.com<\/a> ver\u00f6ffentlichten Originalartikel vorhanden ist;<br>- der Name des Originalautors deutlich angegeben wird.<\/p><h4><b>Verantwortung von Motori Bonora Spa<\/b><\/h4><p class=\"translation-block\">Motori Bonora S.p.A. haftet nicht f\u00fcr Sch\u00e4den, die direkt oder indirekt durch die Nutzung der auf www.motoribonora.com angebotenen Informationen verursacht werden. Soweit sie nicht Motori Bonora S.p.A. geh\u00f6ren, wird das Zitierrecht gem\u00e4\u00df Artikel 70 Absatz 1, 70 Absatz 1bis und 70 Absatz 3 des Gesetzes Nr. 633 vom 22. April 1941 ausge\u00fcbt. Insbesondere geh\u00f6ren alle zitierten Marken und Logos, die auf <a href=\"https:\/\/motoribonora.com\/de\/\" target=\"_blank\" rel=\"noopener\">www.motoribonora.com<\/a> abgebildet sind, ihren rechtm\u00e4\u00dfigen Eigent\u00fcmern. Diese Marken werden nur zu Informationszwecken zitiert.<\/p><h4><b>Links von der Website zu anderen Internet-Seiten<\/b><\/h4><p class=\"translation-block\">Auf der Seite <a href=\"https:\/\/motoribonora.com\/de\/\" target=\"_blank\" rel=\"noopener\">www.motoribonora.com<\/a> befinden sich einige Links zu anderen Internet-Seiten. Wenn Sie diese Links benutzen, verlassen Sie diese Website. Motori Bonora S.p.A. kann diese Seiten nicht st\u00e4ndig \u00fcberpr\u00fcfen und ist auch nicht f\u00fcr das darin enthaltene Material verantwortlich.<br>Motori Bonora S.p.A. bietet daher keine Garantie in Bezug auf den Inhalt, die Informationen, die Software, andere Produkte, das Material oder die Ergebnisse, die auf diesen Seiten erzielt werden. Der Zugang zu anderen Websites \u00fcber Links auf dieser Website erfolgt auf alleinige Verantwortung des Benutzers.<\/p><h4><b>Links zu dieser Website von anderen Internetseiten<\/b><\/h4><p class=\"translation-block\">Jede Seite, die auf die Internetseite <a href=\"https:\/\/motoribonora.com\/de\/\" target=\"_blank\" rel=\"noopener\">www.motoribonora.com<\/a> verlinkt (sog. \"Link\"), ist verpflichtet, die geltenden gesetzlichen Bestimmungen und die folgenden Verlinkungshinweise einzuhalten:<br>- der Inhalt der Seite <a href=\"https:\/\/motoribonora.com\/de\/\" target=\"_blank\" rel=\"noopener\">www.motoribonora.com<\/a> darf nicht vervielf\u00e4ltigt werden;<br>- darf angebliche Partnerschaften mit Motori Bonora SpA nicht falsch darstellen;<br>- darf keine falschen Informationen \u00fcber Produkte von Motori Bonora SpA liefern;<br>- darf das Logo von Motori Bonora SpA nicht ohne Erlaubnis verwenden;<br>- darf keine anst\u00f6\u00dfigen, beleidigenden Inhalte haben, die f\u00fcr Menschen jeden Alters geeignet sind.<\/p><h4><b>Malware<\/b><\/h4><p>Trotz regelm\u00e4\u00dfiger Kontrollen der Website kann Motori Bonora SpA nicht garantieren, dass sie frei von Viren oder anderen potenziell sch\u00e4dlichen Programmen ist. Vor dem Zugriff auf das Netz und der Durchf\u00fchrung jeglicher Operation w\u00e4hrend der Navigation muss der Benutzer immer die aktuellsten Schutzma\u00dfnahmen ergreifen, f\u00fcr die er allein und ausschlie\u00dflich verantwortlich ist.<\/p>\t\t\t\t\t\t\t\t<\/div>\n\t\t\t\t<\/div>\n\t\t\t\t<\/div>\n\t\t\t\t<\/div>","protected":false},"excerpt":{"rendered":"<p>Copyright I contenuti pubblicati su\u00a0www.motoribonora.com, dove non diversamente ed esplicitamente indicato, sono protetti dalla normativa vigente in materia di tutela del diritto d\u2019autore, legge n. 633\/1941 e successive modifiche ed integrazioni e non possono essere replicati su altri siti Web, mailing list, newsletter, riviste cartacee e cd rom o altri supporti non indicati, senza la [&hellip;]<\/p>\n","protected":false},"author":1,"featured_media":0,"parent":0,"menu_order":0,"comment_status":"closed","ping_status":"closed","template":"elementor_header_footer","meta":{"_acf_changed":false,"footnotes":""},"class_list":["post-1135","page","type-page","status-publish","hentry"],"acf":[],"_links":{"self":[{"href":"https:\/\/motoribonora.com\/de\/wp-json\/wp\/v2\/pages\/1135","targetHints":{"allow":["GET"]}}],"collection":[{"href":"https:\/\/motoribonora.com\/de\/wp-json\/wp\/v2\/pages"}],"about":[{"href":"https:\/\/motoribonora.com\/de\/wp-json\/wp\/v2\/types\/page"}],"author":[{"embeddable":true,"href":"https:\/\/motoribonora.com\/de\/wp-json\/wp\/v2\/users\/1"}],"replies":[{"embeddable":true,"href":"https:\/\/motoribonora.com\/de\/wp-json\/wp\/v2\/comments?post=1135"}],"version-history":[{"count":0,"href":"https:\/\/motoribonora.com\/de\/wp-json\/wp\/v2\/pages\/1135\/revisions"}],"wp:attachment":[{"href":"https:\/\/motoribonora.com\/de\/wp-json\/wp\/v2\/media?parent=1135"}],"curies":[{"name":"wp","href":"https:\/\/api.w.org\/{rel}","templated":true}]}}