{"id":1136,"date":"2024-12-11T12:22:53","date_gmt":"2024-12-11T11:22:53","guid":{"rendered":"https:\/\/motoribonora.weggagency.com\/?page_id=1136"},"modified":"2025-06-25T15:11:52","modified_gmt":"2025-06-25T13:11:52","slug":"social-media-policy","status":"publish","type":"page","link":"https:\/\/motoribonora.com\/de\/social-media-policy\/","title":{"rendered":"Politik f\u00fcr soziale Medien"},"content":{"rendered":"<div data-elementor-type=\"wp-page\" data-elementor-id=\"1136\" class=\"elementor elementor-1136\" data-elementor-post-type=\"page\">\n\t\t\t\t<div class=\"elementor-element elementor-element-2c2c494 e-con-full e-flex e-con e-parent\" data-id=\"2c2c494\" data-element_type=\"container\" data-e-type=\"container\">\n\t\t\t\t<div class=\"elementor-element elementor-element-458b2f2 elementor-widget elementor-widget-heading\" data-id=\"458b2f2\" data-element_type=\"widget\" data-e-type=\"widget\" data-widget_type=\"heading.default\">\n\t\t\t\t<div class=\"elementor-widget-container\">\n\t\t\t\t\t<h2 class=\"elementor-heading-title elementor-size-default\">Politik f\u00fcr soziale Medien<\/h2>\t\t\t\t<\/div>\n\t\t\t\t<\/div>\n\t\t\t\t<div class=\"elementor-element elementor-element-53ce707 elementor-widget elementor-widget-text-editor\" data-id=\"53ce707\" data-element_type=\"widget\" data-e-type=\"widget\" data-widget_type=\"text-editor.default\">\n\t\t\t\t<div class=\"elementor-widget-container\">\n\t\t\t\t\t\t\t\t\t<h4><strong>Gli account social<\/strong><\/h4><p>Gli account social di seguito riportati rappresentano i profili ufficiali di Motori Bonora Spa, attraverso i quali la Societ\u00e0 vuole informare, promuovere e sensibilizzare su temi e attivit\u00e0 inerenti al proprio ambito di riferimento;<\/p><p><strong>LinkedIn <\/strong><a href=\"https:\/\/www.linkedin.com\/company\/motori-bonora-spa\/\">https:\/\/www.linkedin.com\/company\/motori-bonora-spa\/<\/a><br \/><strong>Facebook: <\/strong><a href=\"https:\/\/www.facebook.com\/motoribonora\/\">https:\/\/www.facebook.com\/motoribonora\/<\/a><br \/><b>Instagram:\u00a0<\/b><a href=\"https:\/\/www.instagram.com\/motoribonora\/\"><span style=\"text-align: var(--text-align);\">https:\/\/www.instagram.com\/motoribonora\/<\/span><\/a><\/p><h4><b>Le pubblicazioni social<\/b><\/h4><p>Attraverso i social, Motori Bonora Spa pubblica e diffonde informazioni sulle attivit\u00e0 della Societ\u00e0 stessa, creando contenuti originali o rilanciando:<br \/><span style=\"color: var( --e-global-color-text ); font-family: var( --e-global-typography-text-font-family ), Sans-serif; font-size: var( --e-global-typography-text-font-size ); font-weight: var( --e-global-typography-text-font-weight ); text-align: var(--text-align);\">&#8211; contenuti dal sito istituzionale;<br \/><\/span><span style=\"color: var( --e-global-color-text ); font-family: var( --e-global-typography-text-font-family ), Sans-serif; font-size: var( --e-global-typography-text-font-size ); font-weight: var( --e-global-typography-text-font-weight ); text-align: var(--text-align);\">&#8211; notizie utili e rilevanti provenienti dalle aziende partner, fonti istituzionali, testate giornalistiche e altri stakeholder;<br \/><\/span><span style=\"color: var( --e-global-color-text ); font-family: var( --e-global-typography-text-font-family ), Sans-serif; font-size: var( --e-global-typography-text-font-size ); font-weight: var( --e-global-typography-text-font-weight ); text-align: var(--text-align);\">&#8211; comunicazioni su eventi, convegni, oltre che articoli e interviste sui temi d\u2019interesse.<\/span><\/p><h4><b>Gestione account social<\/b><\/h4><p>La gestione degli account social di Motori Bonora Spa \u00e8 a carico dell\u2019Area Comunicazione della Societ\u00e0. I profili sono presidiati sette giorni su sette, dalle 8.00 alle 20.00.<\/p><h4><b>Regolamento dei contenuti<\/b><\/h4><p class=\"translation-block\">Le informazioni divulgate attraverso i canali social ufficiali sono generali e non esaustive, e riguardano attivit\u00e0 ed iniziative inerenti la Societ\u00e0 e ai soggetti ad essa connessi.&nbsp;<span style=\"color: var( --e-global-color-text ); font-family: var( --e-global-typography-text-font-family ), Sans-serif; font-size: var( --e-global-typography-text-font-size ); font-weight: var( --e-global-typography-text-font-weight ); text-align: var(--text-align);\">Tutti gli utenti possono esprimere il proprio parere e le proprie idee nel rispetto degli altri ed ognuno \u00e8 responsabile di ci\u00f2 che pubblica.<\/span><\/p><p>A tutti gli utenti si chiede di esporre le proprie idee con correttezza e misura nel rispetto della privacy. Non \u00e8 possibile pubblicare riferimenti a fatti o a dettagli privi di rilevanza pubblica, atteggiamenti violenti, offensivi o discriminatori rispetto a genere, orientamento sessuale, et\u00e0, religione, convinzioni personali, origini etniche, disabilit\u00e0. Inoltre, per la tutela della privacy degli utenti, \u00e8 da evitare la pubblicazione di dati personali (email, numero di telefono, codice fiscale etc.).<\/p><p>Seguire, ad es., un account Twitter, o inserirlo in liste di interesse, non significa condividerne la linea di pensiero; lo stesso vale per i retweet, per i tweet preferiti, le condivisioni e per i messaggi presenti sull\u2019account pubblicati dagli utenti. Quanto sopra, con le medesime modalit\u00e0, valendo per tutti i social cui \u00e8 presente Motori Bonora Spa.<\/p><p>Tutte le immagini pubblicate da Motori Bonora Spa sui social sono inerenti ad eventi, convegni, cerimonie di interesse pubblico o svoltisi in pubblico cui la Societ\u00e0 ha partecipato e hanno il solo obiettivo di raccontare l\u2019evento in oggetto, senza alcun riferimento particolare ai presenti.<\/p><h4><b>Moderazione<\/b><\/h4><p class=\"translation-block\">Per ragioni legate alla necessit\u00e0 di tutela della privacy, non potranno essere trattati casi personali, ma saranno fornite informazioni generali di interesse comune.&nbsp;<span style=\"color: var( --e-global-color-text ); font-family: var( --e-global-typography-text-font-family ), Sans-serif; font-size: var( --e-global-typography-text-font-size ); font-weight: var( --e-global-typography-text-font-weight ); text-align: var(--text-align);\">L\u2019eventuale pubblicazione di contenuti che v\u00ecolano il diritto d\u2019autore, la promozione di attivit\u00e0 illegali, diffamatorie e di diffusione di dati personali di terzi senza autorizzazione, la propaganda politica, pubblicit\u00e0 o promozione ad aziende concorrenti \u2013 come sottolineato in precedenza \u2013 sar\u00e0 soggetta a blocco ed eliminazione. Gli utenti che pubblicano insulti, volgarit\u00e0, offese, minacce, ed anche contenuti come spam, pubblicit\u00e0 o messaggi offensivi, verranno prima segnalati nell\u2019ambito del social network di riferimento e, se persistenti, verranno bloccati.&nbsp;<\/span><span style=\"color: var( --e-global-color-text ); font-family: var( --e-global-typography-text-font-family ), Sans-serif; font-size: var( --e-global-typography-text-font-size ); font-weight: var( --e-global-typography-text-font-weight ); text-align: var(--text-align);\">Tutte le offese alla Societ\u00e0, alle aziende partner o a persone afferenti ad esse verranno raccolte e comunicate direttamente agli uffici competenti, che valuteranno se e come intervenire.<\/span><\/p><h4><b>Kontakte<\/b><\/h4><p>Per tutte le informazioni, domande, segnalazioni che non rientrano nella policy o che non hanno ricevuto riscontro vi invitiamo scriverci all\u2019indirizzo <a href=\"mailto:privacy@motoribonora.com\">privacy@motoribonora.com<\/a><\/p>\t\t\t\t\t\t\t\t<\/div>\n\t\t\t\t<\/div>\n\t\t\t\t<\/div>\n\t\t\t\t<\/div>","protected":false},"excerpt":{"rendered":"<p>Gli account social Gli account social di seguito riportati rappresentano i profili ufficiali di Motori Bonora Spa, attraverso i quali la Societ\u00e0 vuole informare, promuovere e sensibilizzare su temi e attivit\u00e0 inerenti al proprio ambito di riferimento; LinkedIn https:\/\/www.linkedin.com\/company\/motori-bonora-spa\/ Facebook: https:\/\/www.facebook.com\/motoribonora\/ Instagram:\u00a0https:\/\/www.instagram.com\/motoribonora\/ Le pubblicazioni social Attraverso i social, Motori Bonora Spa pubblica e diffonde informazioni [&hellip;]<\/p>\n","protected":false},"author":1,"featured_media":0,"parent":0,"menu_order":0,"comment_status":"closed","ping_status":"closed","template":"elementor_header_footer","meta":{"_acf_changed":false,"footnotes":""},"class_list":["post-1136","page","type-page","status-publish","hentry"],"acf":[],"_links":{"self":[{"href":"https:\/\/motoribonora.com\/de\/wp-json\/wp\/v2\/pages\/1136","targetHints":{"allow":["GET"]}}],"collection":[{"href":"https:\/\/motoribonora.com\/de\/wp-json\/wp\/v2\/pages"}],"about":[{"href":"https:\/\/motoribonora.com\/de\/wp-json\/wp\/v2\/types\/page"}],"author":[{"embeddable":true,"href":"https:\/\/motoribonora.com\/de\/wp-json\/wp\/v2\/users\/1"}],"replies":[{"embeddable":true,"href":"https:\/\/motoribonora.com\/de\/wp-json\/wp\/v2\/comments?post=1136"}],"version-history":[{"count":0,"href":"https:\/\/motoribonora.com\/de\/wp-json\/wp\/v2\/pages\/1136\/revisions"}],"wp:attachment":[{"href":"https:\/\/motoribonora.com\/de\/wp-json\/wp\/v2\/media?parent=1136"}],"curies":[{"name":"wp","href":"https:\/\/api.w.org\/{rel}","templated":true}]}}