{"id":3043,"date":"2025-07-01T15:04:58","date_gmt":"2025-07-01T13:04:58","guid":{"rendered":"https:\/\/motoribonora.com\/?page_id=3043"},"modified":"2025-07-01T15:05:22","modified_gmt":"2025-07-01T13:05:22","slug":"dichiarazione-di-accessibilita","status":"publish","type":"page","link":"https:\/\/motoribonora.com\/en\/dichiarazione-di-accessibilita\/","title":{"rendered":"Dichiarazione di accessibilit\u00e0"},"content":{"rendered":"<div data-elementor-type=\"wp-page\" data-elementor-id=\"3043\" class=\"elementor elementor-3043\" data-elementor-post-type=\"page\">\n\t\t\t\t<div class=\"elementor-element elementor-element-71bcfe6b e-flex e-con-boxed e-con e-parent\" data-id=\"71bcfe6b\" data-element_type=\"container\" data-e-type=\"container\">\n\t\t\t\t\t<div class=\"e-con-inner\">\n\t\t\t\t<div class=\"elementor-element elementor-element-53498982 elementor-widget elementor-widget-text-editor\" data-id=\"53498982\" data-element_type=\"widget\" data-e-type=\"widget\" data-widget_type=\"text-editor.default\">\n\t\t\t\t<div class=\"elementor-widget-container\">\n\t\t\t\t\t\t\t\t\t<h2 data-start=\"257\" data-end=\"284\">1. Informazioni generali<\/h2>\r\n<ul data-start=\"286\" data-end=\"594\">\r\n \t<li data-start=\"286\" data-end=\"340\">\r\n<p data-start=\"288\" data-end=\"340\"><strong data-start=\"288\" data-end=\"317\">Nome dell&#8217;organizzazione:<\/strong> Motori Bonora S.r.l.<\/p>\r\n<\/li>\r\n \t<li data-start=\"341\" data-end=\"383\">\r\n<p data-start=\"343\" data-end=\"383\"><strong data-start=\"343\" data-end=\"356\">Sito web:<\/strong> <a class=\"\" href=\"https:\/\/motoribonora.com\/en\/\" target=\"_new\" rel=\"noopener\" data-start=\"357\" data-end=\"381\">https:\/\/motoribonora.com<\/a><\/p>\r\n<\/li>\r\n \t<li data-start=\"384\" data-end=\"448\">\r\n<p data-start=\"386\" data-end=\"448\"><strong data-start=\"386\" data-end=\"432\">Data di pubblicazione della dichiarazione:<\/strong> 1 luglio 2025<\/p>\r\n<\/li>\r\n \t<li data-start=\"449\" data-end=\"497\">\r\n<p data-start=\"451\" data-end=\"497\"><strong data-start=\"451\" data-end=\"481\">Data ultimo aggiornamento:<\/strong> 1 luglio 2025<\/p>\r\n<\/li>\r\n \t<li data-start=\"498\" data-end=\"594\">\r\n<p data-start=\"500\" data-end=\"594\"><strong data-start=\"500\" data-end=\"524\">Persona di contatto:<\/strong> Ufficio Comunicazione \u2013 infocomm@motoribonora.com \u2013 Tel. +39 051 902472<\/p>\r\n<\/li>\r\n<\/ul>\r\n\r\n<hr data-start=\"596\" data-end=\"599\" \/>\r\n\r\n<h2 data-start=\"601\" data-end=\"650\">2. Conformit\u00e0 con l&#8217;European Accessibility Act<\/h2>\r\n<p data-start=\"652\" data-end=\"829\">La presente dichiarazione di accessibilit\u00e0 \u00e8 redatta in conformit\u00e0 all\u2019<strong data-start=\"723\" data-end=\"753\">European Accessibility Act<\/strong> (Direttiva UE 2019\/882) e alle relative normative di recepimento nazionali.<\/p>\r\n\r\n\r\n<hr data-start=\"831\" data-end=\"834\" \/>\r\n\r\n<h2 data-start=\"836\" data-end=\"861\">3. Stato di conformit\u00e0<\/h2>\r\n<p data-start=\"863\" data-end=\"1098\">Il sito web <a class=\"\" href=\"https:\/\/motoribonora.com\/en\/\" target=\"_new\" rel=\"noopener\" data-start=\"875\" data-end=\"927\">https:\/\/motoribonora.com<\/a> \u00e8 <strong data-start=\"930\" data-end=\"955\">parzialmente conforme<\/strong> ai requisiti di accessibilit\u00e0 stabiliti dall\u2019European Accessibility Act e alle <strong data-start=\"1035\" data-end=\"1097\">Web Content Accessibility Guidelines (WCAG) 2.1 livello AA<\/strong>.<\/p>\r\n\r\n<h3 data-start=\"1100\" data-end=\"1128\">Audit del 1 luglio 2025:<\/h3>\r\n<ul data-start=\"1129\" data-end=\"1293\">\r\n \t<li data-start=\"1129\" data-end=\"1158\">\r\n<p data-start=\"1131\" data-end=\"1158\"><strong data-start=\"1131\" data-end=\"1153\">Pagine analizzate:<\/strong> 21<\/p>\r\n<\/li>\r\n \t<li data-start=\"1159\" data-end=\"1188\">\r\n<p data-start=\"1161\" data-end=\"1188\"><strong data-start=\"1161\" data-end=\"1183\">Problemi rilevati:<\/strong> 26<\/p>\r\n<\/li>\r\n \t<li data-start=\"1189\" data-end=\"1216\">\r\n<p data-start=\"1191\" data-end=\"1216\"><strong data-start=\"1191\" data-end=\"1212\">Problemi critici:<\/strong> 0<\/p>\r\n<\/li>\r\n \t<li data-start=\"1217\" data-end=\"1252\">\r\n<p data-start=\"1219\" data-end=\"1252\"><strong data-start=\"1219\" data-end=\"1247\">Best practices rilevate:<\/strong> 80<\/p>\r\n<\/li>\r\n \t<li data-start=\"1253\" data-end=\"1293\">\r\n<p data-start=\"1255\" data-end=\"1293\"><strong data-start=\"1255\" data-end=\"1289\">Punteggio medio di conformit\u00e0:<\/strong> 81%<\/p>\r\n<\/li>\r\n<\/ul>\r\n\r\n<hr data-start=\"1295\" data-end=\"1298\" \/>\r\n\r\n<h2 data-start=\"1300\" data-end=\"1331\">4. Contenuti non accessibili<\/h2>\r\n<h3 data-start=\"1333\" data-end=\"1359\">Problemi identificati:<\/h3>\r\n<p data-start=\"1361\" data-end=\"1378\"><strong data-start=\"1361\" data-end=\"1378\">Priorit\u00e0 Alta<\/strong><\/p>\r\n\r\n<ol data-start=\"1379\" data-end=\"1801\">\r\n \t<li data-start=\"1379\" data-end=\"1613\">\r\n<p data-start=\"1382\" data-end=\"1433\"><strong data-start=\"1382\" data-end=\"1431\">Contrasto colore insufficiente\u00a0<\/strong><\/p>\r\n\r\n<ul data-start=\"1437\" data-end=\"1613\">\r\n \t<li data-start=\"1437\" data-end=\"1527\">\r\n<p data-start=\"1439\" data-end=\"1527\">Il rapporto di contrasto tra testo e sfondo non raggiunge il minimo richiesto (4.5:1).<\/p>\r\n<\/li>\r\n \t<li data-start=\"1531\" data-end=\"1613\">\r\n<p data-start=\"1533\" data-end=\"1613\"><strong data-start=\"1533\" data-end=\"1547\">Soluzione:<\/strong> Modificare la palette colori per garantire sufficiente contrasto.<\/p>\r\n<\/li>\r\n<\/ul>\r\n<\/li>\r\n \t<li data-start=\"1615\" data-end=\"1801\">\r\n<p data-start=\"1618\" data-end=\"1657\"><strong data-start=\"1618\" data-end=\"1655\">Link non descrittivi\u00a0<\/strong><\/p>\r\n\r\n<ul data-start=\"1661\" data-end=\"1801\">\r\n \t<li data-start=\"1661\" data-end=\"1729\">\r\n<p data-start=\"1663\" data-end=\"1729\">Alcuni link non presentano un testo significativo e contestuale.<\/p>\r\n<\/li>\r\n \t<li data-start=\"1733\" data-end=\"1801\">\r\n<p data-start=\"1735\" data-end=\"1801\"><strong data-start=\"1735\" data-end=\"1749\">Soluzione:<\/strong> Usare testi descrittivi e univoci per tutti i link.<\/p>\r\n<\/li>\r\n<\/ul>\r\n<\/li>\r\n<\/ol>\r\n<p data-start=\"1803\" data-end=\"1876\"><strong data-start=\"1803\" data-end=\"1821\">Priorit\u00e0 Media<\/strong>\r\n3. <strong data-start=\"1825\" data-end=\"1874\">Immagini senza testo alternativo\u00a0<\/strong><\/p>\r\n\r\n<ul data-start=\"1880\" data-end=\"2036\">\r\n \t<li data-start=\"1880\" data-end=\"1953\">\r\n<p data-start=\"1882\" data-end=\"1953\">Alcuni elementi con <code data-start=\"1902\" data-end=\"1914\">role=\"img\"<\/code> non contengono alternative testuali.<\/p>\r\n<\/li>\r\n \t<li data-start=\"1957\" data-end=\"2036\">\r\n<p data-start=\"1959\" data-end=\"2036\"><strong data-start=\"1959\" data-end=\"1973\">Soluzione:<\/strong> Aggiungere attributi <code data-start=\"1995\" data-end=\"2000\">alt<\/code> descrittivi, coerenti e funzionali.<\/p>\r\n<\/li>\r\n<\/ul>\r\n\r\n<hr data-start=\"2038\" data-end=\"2041\" \/>\r\n\r\n<h2 data-start=\"2043\" data-end=\"2069\">5. Onere sproporzionato<\/h2>\r\n<p data-start=\"2071\" data-end=\"2144\">Attualmente non sono presenti contenuti esclusi per onere sproporzionato.<\/p>\r\n\r\n\r\n<hr data-start=\"2146\" data-end=\"2149\" \/>\r\n\r\n<h2 data-start=\"2151\" data-end=\"2202\">6. Contenuti esclusi dall\u2019ambito della normativa<\/h2>\r\n<p data-start=\"2204\" data-end=\"2284\">Non si rilevano contenuti esclusi ai sensi dell\u2019art. 3 della Direttiva 2019\/882.<\/p>\r\n\r\n\r\n<hr data-start=\"2286\" data-end=\"2289\" \/>\r\n\r\n<h2 data-start=\"2291\" data-end=\"2319\">7. Piano di miglioramento<\/h2>\r\n<p data-start=\"2321\" data-end=\"2380\"><strong data-start=\"2321\" data-end=\"2378\">Fase 1 \u2013 Interventi prioritari (entro settembre 2025)<\/strong><\/p>\r\n\r\n<ul data-start=\"2381\" data-end=\"2500\">\r\n \t<li data-start=\"2381\" data-end=\"2450\">\r\n<p data-start=\"2383\" data-end=\"2450\">Miglioramento del contrasto colore su tutti gli elementi testuali<\/p>\r\n<\/li>\r\n \t<li data-start=\"2451\" data-end=\"2500\">\r\n<p data-start=\"2453\" data-end=\"2500\">Revisione e correzione dei link non descrittivi<\/p>\r\n<\/li>\r\n<\/ul>\r\n<p data-start=\"2502\" data-end=\"2559\"><strong data-start=\"2502\" data-end=\"2557\">Fase 2 \u2013 Miglioramenti tecnici (entro ottobre 2025)<\/strong><\/p>\r\n\r\n<ul data-start=\"2560\" data-end=\"2669\">\r\n \t<li data-start=\"2560\" data-end=\"2622\">\r\n<p data-start=\"2562\" data-end=\"2622\">Inserimento degli attributi <code data-start=\"2590\" data-end=\"2595\">alt<\/code> mancanti per le immagini<\/p>\r\n<\/li>\r\n \t<li data-start=\"2623\" data-end=\"2669\">\r\n<p data-start=\"2625\" data-end=\"2669\">Verifica del codice HTML per conformit\u00e0 ARIA<\/p>\r\n<\/li>\r\n<\/ul>\r\n<p data-start=\"2671\" data-end=\"2734\"><strong data-start=\"2671\" data-end=\"2732\">Fase 3 \u2013 Validazione e mantenimento (entro dicembre 2025)<\/strong><\/p>\r\n\r\n<ul data-start=\"2735\" data-end=\"2816\">\r\n \t<li data-start=\"2735\" data-end=\"2776\">\r\n<p data-start=\"2737\" data-end=\"2776\">Test manuali con tecnologie assistive<\/p>\r\n<\/li>\r\n \t<li data-start=\"2777\" data-end=\"2816\">\r\n<p data-start=\"2779\" data-end=\"2816\">Monitoraggio annuale della conformit\u00e0<\/p>\r\n<\/li>\r\n<\/ul>\r\n\r\n<hr data-start=\"2818\" data-end=\"2821\" \/>\r\n\r\n<h2 data-start=\"2823\" data-end=\"2848\">8. Feedback e contatti<\/h2>\r\n<p data-start=\"2850\" data-end=\"2935\">Per segnalazioni di problemi di accessibilit\u00e0 o per richiedere contenuti alternativi:<\/p>\r\n\r\n<ul data-start=\"2937\" data-end=\"3195\">\r\n \t<li data-start=\"2937\" data-end=\"2973\">\r\n<p data-start=\"2939\" data-end=\"2973\"><strong data-start=\"2939\" data-end=\"2949\">Email:<\/strong> infocomm@motoribonora.com<\/p>\r\n<\/li>\r\n \t<li data-start=\"2974\" data-end=\"3006\">\r\n<p data-start=\"2976\" data-end=\"3006\"><strong data-start=\"2976\" data-end=\"2989\">Telefono:<\/strong> +39 051 902472<\/p>\r\n<\/li>\r\n \t<li data-start=\"3007\" data-end=\"3082\">\r\n<p data-start=\"3009\" data-end=\"3082\"><strong data-start=\"3009\" data-end=\"3031\">Indirizzo postale:<\/strong> Via Reno Vecchio, 62 44042 &#8211; Cento (FE)\u2013 Italia<\/p>\r\n<\/li>\r\n \t<li data-start=\"3083\" data-end=\"3144\">\r\n<p data-start=\"3085\" data-end=\"3144\"><strong data-start=\"3085\" data-end=\"3108\">Modulo di contatto:<\/strong> <a class=\"\" href=\"https:\/\/motoribonora.com\/en\/contacts\/\" target=\"_new\" rel=\"noopener\" data-start=\"3109\" data-end=\"3142\">https:\/\/motoribonora.com\/contatti<\/a><\/p>\r\n<\/li>\r\n \t<li data-start=\"3145\" data-end=\"3195\">\r\n<p data-start=\"3147\" data-end=\"3195\"><strong data-start=\"3147\" data-end=\"3169\">Tempi di risposta:<\/strong> entro 10 giorni lavorativi<\/p>\r\n<\/li>\r\n<\/ul>\r\n\r\n<hr data-start=\"3197\" data-end=\"3200\" \/>\r\n\r\n<h2 data-start=\"3202\" data-end=\"3231\">9. Alternative accessibili<\/h2>\r\n<p data-start=\"3233\" data-end=\"3280\">In caso di contenuti non accessibili, forniamo:<\/p>\r\n\r\n<ul data-start=\"3281\" data-end=\"3422\">\r\n \t<li data-start=\"3281\" data-end=\"3366\">\r\n<p data-start=\"3283\" data-end=\"3366\">Invio di contenuti via email in formati alternativi (PDF accessibile, Word, HTML)<\/p>\r\n<\/li>\r\n \t<li data-start=\"3367\" data-end=\"3422\">\r\n<p data-start=\"3369\" data-end=\"3422\">Assistenza telefonica o videochiamata su appuntamento<\/p>\r\n<\/li>\r\n<\/ul>\r\n\r\n<hr data-start=\"3424\" data-end=\"3427\" \/>\r\n\r\n<h2 data-start=\"3429\" data-end=\"3456\">10. Procedura di ricorso<\/h2>\r\n<p data-start=\"3458\" data-end=\"3526\">Se la risposta ricevuta non \u00e8 soddisfacente, \u00e8 possibile contattare:<\/p>\r\n\r\n<ul data-start=\"3528\" data-end=\"3707\">\r\n \t<li data-start=\"3528\" data-end=\"3593\">\r\n<p data-start=\"3530\" data-end=\"3593\"><strong data-start=\"3530\" data-end=\"3554\">Autorit\u00e0 competente:<\/strong> Agenzia per l\u2019Italia Digitale (AgID)<\/p>\r\n<\/li>\r\n \t<li data-start=\"3594\" data-end=\"3635\">\r\n<p data-start=\"3596\" data-end=\"3635\"><strong data-start=\"3596\" data-end=\"3609\">Sito web:<\/strong> <a class=\"\" href=\"https:\/\/www.agid.gov.it\" target=\"_new\" rel=\"noopener\" data-start=\"3610\" data-end=\"3633\">https:\/\/www.agid.gov.it<\/a><\/p>\r\n<\/li>\r\n \t<li data-start=\"3636\" data-end=\"3676\">\r\n<p data-start=\"3638\" data-end=\"3676\"><strong data-start=\"3638\" data-end=\"3648\">Email:<\/strong> <a class=\"cursor-pointer\" rel=\"noopener\" data-start=\"3649\" data-end=\"3674\">accessibilita@agid.gov.it<\/a><\/p>\r\n<\/li>\r\n \t<li data-start=\"3677\" data-end=\"3707\">\r\n<p data-start=\"3679\" data-end=\"3707\"><strong data-start=\"3679\" data-end=\"3692\">Telefono:<\/strong> +39 06 8526 41<\/p>\r\n<\/li>\r\n<\/ul>\r\n\r\n<hr data-start=\"3709\" data-end=\"3712\" \/>\r\n\r\n<h2 data-start=\"3714\" data-end=\"3742\">11. Informazioni tecniche<\/h2>\r\n<ul data-start=\"3744\" data-end=\"3940\">\r\n \t<li data-start=\"3744\" data-end=\"3796\">\r\n<p data-start=\"3746\" data-end=\"3796\"><strong data-start=\"3746\" data-end=\"3774\">Standard di riferimento:<\/strong> WCAG 2.1 livello AA<\/p>\r\n<\/li>\r\n \t<li data-start=\"3797\" data-end=\"3838\">\r\n<p data-start=\"3799\" data-end=\"3838\"><strong data-start=\"3799\" data-end=\"3825\">Metodi di valutazione:<\/strong> automatica<\/p>\r\n<\/li>\r\n \t<li data-start=\"3839\" data-end=\"3885\">\r\n<p data-start=\"3841\" data-end=\"3885\"><strong data-start=\"3841\" data-end=\"3869\">Data ultima valutazione:<\/strong> 1 luglio 2025<\/p>\r\n<\/li>\r\n \t<li data-start=\"3886\" data-end=\"3940\">\r\n<p data-start=\"3888\" data-end=\"3940\"><strong data-start=\"3888\" data-end=\"3913\">Strumenti utilizzati:<\/strong> WeggAgency A11Y Audit Tool<\/p>\r\n<\/li>\r\n<\/ul>\r\n\r\n<hr data-start=\"3942\" data-end=\"3945\" \/>\r\n\r\n<h2 data-start=\"3947\" data-end=\"3967\">12. Aggiornamenti<\/h2>\r\n<p data-start=\"3969\" data-end=\"4100\">Questa dichiarazione \u00e8 stata redatta il 1 luglio 2025 e verr\u00e0 aggiornata regolarmente per documentare i progressi nell\u2019accessibilit\u00e0 del sito.<\/p>\t\t\t\t\t\t\t\t<\/div>\n\t\t\t\t<\/div>\n\t\t\t\t\t<\/div>\n\t\t\t\t<\/div>\n\t\t\t\t<\/div>","protected":false},"excerpt":{"rendered":"<p>1. Informazioni generali Nome dell&#8217;organizzazione: Motori Bonora S.r.l. Sito web: https:\/\/motoribonora.com Data di pubblicazione della dichiarazione: 1 luglio 2025 Data ultimo aggiornamento: 1 luglio 2025 Persona di contatto: Ufficio Comunicazione \u2013 infocomm@motoribonora.com \u2013 Tel. +39 051 902472 2. Conformit\u00e0 con l&#8217;European Accessibility Act La presente dichiarazione di accessibilit\u00e0 \u00e8 redatta in conformit\u00e0 all\u2019European Accessibility Act [&hellip;]<\/p>\n","protected":false},"author":1,"featured_media":0,"parent":0,"menu_order":0,"comment_status":"closed","ping_status":"closed","template":"","meta":{"_acf_changed":false,"footnotes":""},"class_list":["post-3043","page","type-page","status-publish","hentry"],"acf":[],"_links":{"self":[{"href":"https:\/\/motoribonora.com\/en\/wp-json\/wp\/v2\/pages\/3043","targetHints":{"allow":["GET"]}}],"collection":[{"href":"https:\/\/motoribonora.com\/en\/wp-json\/wp\/v2\/pages"}],"about":[{"href":"https:\/\/motoribonora.com\/en\/wp-json\/wp\/v2\/types\/page"}],"author":[{"embeddable":true,"href":"https:\/\/motoribonora.com\/en\/wp-json\/wp\/v2\/users\/1"}],"replies":[{"embeddable":true,"href":"https:\/\/motoribonora.com\/en\/wp-json\/wp\/v2\/comments?post=3043"}],"version-history":[{"count":0,"href":"https:\/\/motoribonora.com\/en\/wp-json\/wp\/v2\/pages\/3043\/revisions"}],"wp:attachment":[{"href":"https:\/\/motoribonora.com\/en\/wp-json\/wp\/v2\/media?parent=3043"}],"curies":[{"name":"wp","href":"https:\/\/api.w.org\/{rel}","templated":true}]}}